{"id":9302,"date":"2026-01-17T02:26:06","date_gmt":"2026-01-17T02:26:06","guid":{"rendered":"https:\/\/sozza.pt\/?post_type=product&#038;p=9302"},"modified":"2026-01-23T21:29:37","modified_gmt":"2026-01-23T21:29:37","slug":"cama-new-york","status":"publish","type":"product","link":"https:\/\/sozza.pt\/pt_br\/loja\/cama-new-york\/","title":{"rendered":"Cama New York"},"content":{"rendered":"<p><span data-sheets-root=\"1\">A cama New York com cabeceira lisa aposta numa est\u00e9tica minimalista e sofisticada. As nossas camas n\u00e3o incluem colch\u00e3o, nem a op\u00e7\u00e3o do estrado inclu\u00eddo ser elevat\u00f3rio. <\/span><\/p>\n","protected":false},"excerpt":{"rendered":"<p>A cama New York com cabeceira lisa aposta numa est\u00e9tica minimalista e sofisticada. As nossas camas n\u00e3o incluem colch\u00e3o, nem a op\u00e7\u00e3o do estrado inclu\u00eddo ser elevat\u00f3rio.<\/p>\n","protected":false},"featured_media":9898,"comment_status":"open","ping_status":"closed","template":"","meta":[],"product_brand":[],"product_cat":[193,190],"product_tag":[],"class_list":{"0":"post-9302","1":"product","2":"type-product","3":"status-publish","4":"has-post-thumbnail","6":"product_cat-camas","7":"product_cat-quarto","9":"first","10":"onbackorder","11":"shipping-taxable","12":"purchasable","13":"product-type-variable"},"jetpack_sharing_enabled":true,"_links":{"self":[{"href":"https:\/\/sozza.pt\/pt_br\/wp-json\/wp\/v2\/product\/9302","targetHints":{"allow":["GET"]}}],"collection":[{"href":"https:\/\/sozza.pt\/pt_br\/wp-json\/wp\/v2\/product"}],"about":[{"href":"https:\/\/sozza.pt\/pt_br\/wp-json\/wp\/v2\/types\/product"}],"replies":[{"embeddable":true,"href":"https:\/\/sozza.pt\/pt_br\/wp-json\/wp\/v2\/comments?post=9302"}],"wp:featuredmedia":[{"embeddable":true,"href":"https:\/\/sozza.pt\/pt_br\/wp-json\/wp\/v2\/media\/9898"}],"wp:attachment":[{"href":"https:\/\/sozza.pt\/pt_br\/wp-json\/wp\/v2\/media?parent=9302"}],"wp:term":[{"taxonomy":"product_brand","embeddable":true,"href":"https:\/\/sozza.pt\/pt_br\/wp-json\/wp\/v2\/product_brand?post=9302"},{"taxonomy":"product_cat","embeddable":true,"href":"https:\/\/sozza.pt\/pt_br\/wp-json\/wp\/v2\/product_cat?post=9302"},{"taxonomy":"product_tag","embeddable":true,"href":"https:\/\/sozza.pt\/pt_br\/wp-json\/wp\/v2\/product_tag?post=9302"}],"curies":[{"name":"wp","href":"https:\/\/api.w.org\/{rel}","templated":true}]}}