{"id":9099,"date":"2025-08-08T22:02:10","date_gmt":"2025-08-08T22:02:10","guid":{"rendered":"https:\/\/sozza.pt\/?post_type=product&#038;p=9099"},"modified":"2026-03-01T22:48:46","modified_gmt":"2026-03-01T22:48:46","slug":"cadeira-lavanda-02","status":"publish","type":"product","link":"https:\/\/sozza.pt\/pt_br\/loja\/cadeira-lavanda-02\/","title":{"rendered":"Cadeira Lavanda 02"},"content":{"rendered":"<p><span data-sheets-root=\"1\">Re\u00fana a sua fam\u00edlia e convidados no conforto da cadeira Lavanda. Pensada para refei\u00e7\u00f5es em conforto sem privar a est\u00e9tica, estas cadeiras cumprem a sua fun\u00e7\u00e3o de forma brilhante para bons momentos todos os dias no seu lar.<\/span><\/p>\n","protected":false},"excerpt":{"rendered":"<p>Re\u00fana a sua fam\u00edlia e convidados no conforto da cadeira Lavanda. Pensada para refei\u00e7\u00f5es em conforto sem privar a est\u00e9tica, estas cadeiras cumprem a sua fun\u00e7\u00e3o de forma brilhante para bons momentos todos os dias no seu lar. Mantendo o design fluido e contempor\u00e2neo, este modelo inclui bra\u00e7os estofados que refor\u00e7am a sensa\u00e7\u00e3o de apoio e bem-estar durante cada refei\u00e7\u00e3o. O tecido de qualidade superior e o assento generosamente acolchoado garantem conforto duradouro, enquanto as linhas elegantes valorizam qualquer ambiente.<\/p>\n","protected":false},"featured_media":11840,"comment_status":"open","ping_status":"closed","template":"","meta":[],"product_brand":[],"product_cat":[198,191],"product_tag":[],"class_list":{"0":"post-9099","1":"product","2":"type-product","3":"status-publish","4":"has-post-thumbnail","6":"product_cat-cadeira","7":"product_cat-sala-de-jantar","9":"first","10":"onbackorder","11":"shipping-taxable","12":"purchasable","13":"product-type-variable","14":"has-default-attributes"},"jetpack_sharing_enabled":true,"_links":{"self":[{"href":"https:\/\/sozza.pt\/pt_br\/wp-json\/wp\/v2\/product\/9099","targetHints":{"allow":["GET"]}}],"collection":[{"href":"https:\/\/sozza.pt\/pt_br\/wp-json\/wp\/v2\/product"}],"about":[{"href":"https:\/\/sozza.pt\/pt_br\/wp-json\/wp\/v2\/types\/product"}],"replies":[{"embeddable":true,"href":"https:\/\/sozza.pt\/pt_br\/wp-json\/wp\/v2\/comments?post=9099"}],"wp:featuredmedia":[{"embeddable":true,"href":"https:\/\/sozza.pt\/pt_br\/wp-json\/wp\/v2\/media\/11840"}],"wp:attachment":[{"href":"https:\/\/sozza.pt\/pt_br\/wp-json\/wp\/v2\/media?parent=9099"}],"wp:term":[{"taxonomy":"product_brand","embeddable":true,"href":"https:\/\/sozza.pt\/pt_br\/wp-json\/wp\/v2\/product_brand?post=9099"},{"taxonomy":"product_cat","embeddable":true,"href":"https:\/\/sozza.pt\/pt_br\/wp-json\/wp\/v2\/product_cat?post=9099"},{"taxonomy":"product_tag","embeddable":true,"href":"https:\/\/sozza.pt\/pt_br\/wp-json\/wp\/v2\/product_tag?post=9099"}],"curies":[{"name":"wp","href":"https:\/\/api.w.org\/{rel}","templated":true}]}}