{"id":9050,"date":"2025-08-08T21:31:18","date_gmt":"2025-08-08T21:31:18","guid":{"rendered":"https:\/\/sozza.pt\/?post_type=product&#038;p=9050"},"modified":"2026-03-02T02:03:13","modified_gmt":"2026-03-02T02:03:13","slug":"pouf-seixal-grande","status":"publish","type":"product","link":"https:\/\/sozza.pt\/pt_br\/loja\/pouf-seixal-grande\/","title":{"rendered":"Pouf Seixal Grande"},"content":{"rendered":"<p><span data-sheets-root=\"1\">Se est\u00e1 \u00e0 procura de embelezar a sua casa com simplicidade, o pouf Seixal pequeno \u00e9 a escolha perfeita para si. Com um design org\u00e2nico e vers\u00e1til, \u00e9 perfeito para salas de estar, quartos, halls de entrada e escrit\u00f3rios. Pode ser conjugado com mais elementos ou com o pouf Seixal grande para maior variedade.<\/span><\/p>\n","protected":false},"excerpt":{"rendered":"<p>Se est\u00e1 \u00e0 procura de embelezar a sua casa com simplicidade, o pouf Seixal pequeno \u00e9 a escolha perfeita para si. Com um design org\u00e2nico e vers\u00e1til, \u00e9 perfeito para salas de estar, quartos, halls de entrada e escrit\u00f3rios. Pode ser conjugado com mais elementos ou com o pouf Seixal grande para maior variedade.<\/p>\n","protected":false},"featured_media":11847,"comment_status":"open","ping_status":"closed","template":"","meta":[],"product_brand":[],"product_cat":[200,192],"product_tag":[],"class_list":{"0":"post-9050","1":"product","2":"type-product","3":"status-publish","4":"has-post-thumbnail","6":"product_cat-pouf","7":"product_cat-sala-de-estar","9":"first","10":"onbackorder","11":"shipping-taxable","12":"purchasable","13":"product-type-variable","14":"has-default-attributes"},"jetpack_sharing_enabled":true,"_links":{"self":[{"href":"https:\/\/sozza.pt\/pt_br\/wp-json\/wp\/v2\/product\/9050","targetHints":{"allow":["GET"]}}],"collection":[{"href":"https:\/\/sozza.pt\/pt_br\/wp-json\/wp\/v2\/product"}],"about":[{"href":"https:\/\/sozza.pt\/pt_br\/wp-json\/wp\/v2\/types\/product"}],"replies":[{"embeddable":true,"href":"https:\/\/sozza.pt\/pt_br\/wp-json\/wp\/v2\/comments?post=9050"}],"wp:featuredmedia":[{"embeddable":true,"href":"https:\/\/sozza.pt\/pt_br\/wp-json\/wp\/v2\/media\/11847"}],"wp:attachment":[{"href":"https:\/\/sozza.pt\/pt_br\/wp-json\/wp\/v2\/media?parent=9050"}],"wp:term":[{"taxonomy":"product_brand","embeddable":true,"href":"https:\/\/sozza.pt\/pt_br\/wp-json\/wp\/v2\/product_brand?post=9050"},{"taxonomy":"product_cat","embeddable":true,"href":"https:\/\/sozza.pt\/pt_br\/wp-json\/wp\/v2\/product_cat?post=9050"},{"taxonomy":"product_tag","embeddable":true,"href":"https:\/\/sozza.pt\/pt_br\/wp-json\/wp\/v2\/product_tag?post=9050"}],"curies":[{"name":"wp","href":"https:\/\/api.w.org\/{rel}","templated":true}]}}