{"id":9024,"date":"2025-08-07T03:08:37","date_gmt":"2025-08-07T03:08:37","guid":{"rendered":"https:\/\/sozza.pt\/?post_type=product&#038;p=9024"},"modified":"2026-01-21T19:45:03","modified_gmt":"2026-01-21T19:45:03","slug":"poltrona-selenita","status":"publish","type":"product","link":"https:\/\/sozza.pt\/pt_br\/loja\/poltrona-selenita\/","title":{"rendered":"Poltrona Selenita"},"content":{"rendered":"<p>A poltrona Selenita \u00e9 o conforto e eleg\u00e2ncia que precisa em sua casa. Uma pe\u00e7a moderna perfeita para a sua sala de estar, quarto e escrit\u00f3rio.<\/p>\n","protected":false},"excerpt":{"rendered":"<p><span data-sheets-root=\"1\">A poltrona Selenita \u00e9 o conforto e eleg\u00e2ncia que precisa em sua casa. Uma pe\u00e7a moderna perfeita para a sua sala de estar, quarto e escrit\u00f3rio.<\/span><\/p>\n","protected":false},"featured_media":9671,"comment_status":"open","ping_status":"closed","template":"","meta":[],"product_brand":[],"product_cat":[300,192],"product_tag":[315],"class_list":{"0":"post-9024","1":"product","2":"type-product","3":"status-publish","4":"has-post-thumbnail","6":"product_cat-poltrona","7":"product_cat-sala-de-estar","8":"product_tag-poltrona","10":"first","11":"onbackorder","12":"shipping-taxable","13":"purchasable","14":"product-type-variable","15":"has-default-attributes"},"jetpack_sharing_enabled":true,"_links":{"self":[{"href":"https:\/\/sozza.pt\/pt_br\/wp-json\/wp\/v2\/product\/9024","targetHints":{"allow":["GET"]}}],"collection":[{"href":"https:\/\/sozza.pt\/pt_br\/wp-json\/wp\/v2\/product"}],"about":[{"href":"https:\/\/sozza.pt\/pt_br\/wp-json\/wp\/v2\/types\/product"}],"replies":[{"embeddable":true,"href":"https:\/\/sozza.pt\/pt_br\/wp-json\/wp\/v2\/comments?post=9024"}],"wp:featuredmedia":[{"embeddable":true,"href":"https:\/\/sozza.pt\/pt_br\/wp-json\/wp\/v2\/media\/9671"}],"wp:attachment":[{"href":"https:\/\/sozza.pt\/pt_br\/wp-json\/wp\/v2\/media?parent=9024"}],"wp:term":[{"taxonomy":"product_brand","embeddable":true,"href":"https:\/\/sozza.pt\/pt_br\/wp-json\/wp\/v2\/product_brand?post=9024"},{"taxonomy":"product_cat","embeddable":true,"href":"https:\/\/sozza.pt\/pt_br\/wp-json\/wp\/v2\/product_cat?post=9024"},{"taxonomy":"product_tag","embeddable":true,"href":"https:\/\/sozza.pt\/pt_br\/wp-json\/wp\/v2\/product_tag?post=9024"}],"curies":[{"name":"wp","href":"https:\/\/api.w.org\/{rel}","templated":true}]}}