{"id":8972,"date":"2025-08-07T03:05:08","date_gmt":"2025-08-07T03:05:08","guid":{"rendered":"https:\/\/sozza.pt\/?post_type=product&#038;p=8972"},"modified":"2026-01-21T20:07:07","modified_gmt":"2026-01-21T20:07:07","slug":"poltrona-jaspe","status":"publish","type":"product","link":"https:\/\/sozza.pt\/pt_br\/loja\/poltrona-jaspe\/","title":{"rendered":"Poltrona Jaspe"},"content":{"rendered":"<p>Linhas org\u00e2nicas e propor\u00e7\u00f5es equilibradas que remetem ao puro aconchego. A base girat\u00f3ria opcional oferece uma nova funcionalidade com um toque moderno. Almofada n\u00e3o inclu\u00edda.<\/p>\n","protected":false},"excerpt":{"rendered":"<p><span data-sheets-root=\"1\">Linhas org\u00e2nicas e propor\u00e7\u00f5es equilibradas que remetem ao puro aconchego. A base girat\u00f3ria opcional oferece uma nova funcionalidade com um toque moderno. Almofada n\u00e3o inclu\u00edda.<\/span><\/p>\n","protected":false},"featured_media":9708,"comment_status":"open","ping_status":"closed","template":"","meta":[],"product_brand":[],"product_cat":[300,192],"product_tag":[315],"class_list":{"0":"post-8972","1":"product","2":"type-product","3":"status-publish","4":"has-post-thumbnail","6":"product_cat-poltrona","7":"product_cat-sala-de-estar","8":"product_tag-poltrona","10":"first","11":"onbackorder","12":"shipping-taxable","13":"purchasable","14":"product-type-variable","15":"has-default-attributes"},"jetpack_sharing_enabled":true,"_links":{"self":[{"href":"https:\/\/sozza.pt\/pt_br\/wp-json\/wp\/v2\/product\/8972","targetHints":{"allow":["GET"]}}],"collection":[{"href":"https:\/\/sozza.pt\/pt_br\/wp-json\/wp\/v2\/product"}],"about":[{"href":"https:\/\/sozza.pt\/pt_br\/wp-json\/wp\/v2\/types\/product"}],"replies":[{"embeddable":true,"href":"https:\/\/sozza.pt\/pt_br\/wp-json\/wp\/v2\/comments?post=8972"}],"wp:featuredmedia":[{"embeddable":true,"href":"https:\/\/sozza.pt\/pt_br\/wp-json\/wp\/v2\/media\/9708"}],"wp:attachment":[{"href":"https:\/\/sozza.pt\/pt_br\/wp-json\/wp\/v2\/media?parent=8972"}],"wp:term":[{"taxonomy":"product_brand","embeddable":true,"href":"https:\/\/sozza.pt\/pt_br\/wp-json\/wp\/v2\/product_brand?post=8972"},{"taxonomy":"product_cat","embeddable":true,"href":"https:\/\/sozza.pt\/pt_br\/wp-json\/wp\/v2\/product_cat?post=8972"},{"taxonomy":"product_tag","embeddable":true,"href":"https:\/\/sozza.pt\/pt_br\/wp-json\/wp\/v2\/product_tag?post=8972"}],"curies":[{"name":"wp","href":"https:\/\/api.w.org\/{rel}","templated":true}]}}