{"id":8912,"date":"2025-08-07T02:55:55","date_gmt":"2025-08-07T02:55:55","guid":{"rendered":"https:\/\/sozza.pt\/?post_type=product&#038;p=8912"},"modified":"2026-01-22T14:27:35","modified_gmt":"2026-01-22T14:27:35","slug":"poltrona-safira","status":"publish","type":"product","link":"https:\/\/sozza.pt\/pt_br\/loja\/poltrona-safira\/","title":{"rendered":"Poltrona Safira"},"content":{"rendered":"<p>A poltrona Safira destaca-se pelas suas linhas e formas bem definidas e arrojadas. Com o seu design geom\u00e9trico e expressivo torna-se uma excelente adi\u00e7\u00e3o \u00e0 decora\u00e7\u00e3o da sua casa.<\/p>\n","protected":false},"excerpt":{"rendered":"<p>A poltrona Safira destaca-se pelas suas linhas e formas bem definidas e arrojadas. Com o seu design geom\u00e9trico e expressivo torna-se uma excelente adi\u00e7\u00e3o \u00e0 decora\u00e7\u00e3o da sua casa.<\/p>\n","protected":false},"featured_media":9753,"comment_status":"open","ping_status":"closed","template":"","meta":[],"product_brand":[],"product_cat":[300,192],"product_tag":[315],"class_list":{"0":"post-8912","1":"product","2":"type-product","3":"status-publish","4":"has-post-thumbnail","6":"product_cat-poltrona","7":"product_cat-sala-de-estar","8":"product_tag-poltrona","10":"first","11":"onbackorder","12":"shipping-taxable","13":"purchasable","14":"product-type-variable","15":"has-default-attributes"},"jetpack_sharing_enabled":true,"_links":{"self":[{"href":"https:\/\/sozza.pt\/pt_br\/wp-json\/wp\/v2\/product\/8912","targetHints":{"allow":["GET"]}}],"collection":[{"href":"https:\/\/sozza.pt\/pt_br\/wp-json\/wp\/v2\/product"}],"about":[{"href":"https:\/\/sozza.pt\/pt_br\/wp-json\/wp\/v2\/types\/product"}],"replies":[{"embeddable":true,"href":"https:\/\/sozza.pt\/pt_br\/wp-json\/wp\/v2\/comments?post=8912"}],"wp:featuredmedia":[{"embeddable":true,"href":"https:\/\/sozza.pt\/pt_br\/wp-json\/wp\/v2\/media\/9753"}],"wp:attachment":[{"href":"https:\/\/sozza.pt\/pt_br\/wp-json\/wp\/v2\/media?parent=8912"}],"wp:term":[{"taxonomy":"product_brand","embeddable":true,"href":"https:\/\/sozza.pt\/pt_br\/wp-json\/wp\/v2\/product_brand?post=8912"},{"taxonomy":"product_cat","embeddable":true,"href":"https:\/\/sozza.pt\/pt_br\/wp-json\/wp\/v2\/product_cat?post=8912"},{"taxonomy":"product_tag","embeddable":true,"href":"https:\/\/sozza.pt\/pt_br\/wp-json\/wp\/v2\/product_tag?post=8912"}],"curies":[{"name":"wp","href":"https:\/\/api.w.org\/{rel}","templated":true}]}}