{"id":8848,"date":"2025-08-07T02:40:54","date_gmt":"2025-08-07T02:40:54","guid":{"rendered":"https:\/\/sozza.pt\/?post_type=product&#038;p=8848"},"modified":"2026-03-01T22:41:47","modified_gmt":"2026-03-01T22:41:47","slug":"poltrona-topazio","status":"publish","type":"product","link":"https:\/\/sozza.pt\/pt_br\/loja\/poltrona-topazio\/","title":{"rendered":"Poltrona Top\u00e1zio"},"content":{"rendered":"<p>Aumente o conforto acolhedor da sua casa com a poltrona Top\u00e1zio. Com um design baseado em formas sinuosas e simples, esta poltrona \u00e9 um elemento essencial na decora\u00e7\u00e3o do seu lar. Almofada n\u00e3o inclu\u00edda.<\/p>\n","protected":false},"excerpt":{"rendered":"<p>Aumente o conforto acolhedor da sua casa com a poltrona Top\u00e1zio. Com um design baseado em formas sinuosas e simples, esta poltrona \u00e9 um elemento essencial na decora\u00e7\u00e3o do seu lar. Almofada n\u00e3o inclu\u00edda.<\/p>\n","protected":false},"featured_media":11837,"comment_status":"open","ping_status":"closed","template":"","meta":[],"product_brand":[],"product_cat":[300,192],"product_tag":[315],"class_list":{"0":"post-8848","1":"product","2":"type-product","3":"status-publish","4":"has-post-thumbnail","6":"product_cat-poltrona","7":"product_cat-sala-de-estar","8":"product_tag-poltrona","10":"first","11":"onbackorder","12":"shipping-taxable","13":"purchasable","14":"product-type-variable","15":"has-default-attributes"},"jetpack_sharing_enabled":true,"_links":{"self":[{"href":"https:\/\/sozza.pt\/pt_br\/wp-json\/wp\/v2\/product\/8848","targetHints":{"allow":["GET"]}}],"collection":[{"href":"https:\/\/sozza.pt\/pt_br\/wp-json\/wp\/v2\/product"}],"about":[{"href":"https:\/\/sozza.pt\/pt_br\/wp-json\/wp\/v2\/types\/product"}],"replies":[{"embeddable":true,"href":"https:\/\/sozza.pt\/pt_br\/wp-json\/wp\/v2\/comments?post=8848"}],"wp:featuredmedia":[{"embeddable":true,"href":"https:\/\/sozza.pt\/pt_br\/wp-json\/wp\/v2\/media\/11837"}],"wp:attachment":[{"href":"https:\/\/sozza.pt\/pt_br\/wp-json\/wp\/v2\/media?parent=8848"}],"wp:term":[{"taxonomy":"product_brand","embeddable":true,"href":"https:\/\/sozza.pt\/pt_br\/wp-json\/wp\/v2\/product_brand?post=8848"},{"taxonomy":"product_cat","embeddable":true,"href":"https:\/\/sozza.pt\/pt_br\/wp-json\/wp\/v2\/product_cat?post=8848"},{"taxonomy":"product_tag","embeddable":true,"href":"https:\/\/sozza.pt\/pt_br\/wp-json\/wp\/v2\/product_tag?post=8848"}],"curies":[{"name":"wp","href":"https:\/\/api.w.org\/{rel}","templated":true}]}}