{"id":8832,"date":"2025-08-07T02:23:45","date_gmt":"2025-08-07T02:23:45","guid":{"rendered":"https:\/\/sozza.pt\/?post_type=product&#038;p=8832"},"modified":"2026-01-23T03:03:25","modified_gmt":"2026-01-23T03:03:25","slug":"poltrona-rubi","status":"publish","type":"product","link":"https:\/\/sozza.pt\/pt_br\/loja\/poltrona-rubi\/","title":{"rendered":"Poltrona Rubi"},"content":{"rendered":"<p>Com formas elegantes e geom\u00e9tricas a poltrona Rubi, acresce \u00e0 decora\u00e7\u00e3o do seu lar n\u00e3o apenas pelo seu design mas tamb\u00e9m pelo seu conforto ineg\u00e1vel. Adequa-se a qualquer divis\u00e3o da sua casa desde o quarto a escrit\u00f3rios.<\/p>\n","protected":false},"excerpt":{"rendered":"<p>Com formas elegantes e geom\u00e9tricas a poltrona Rubi, acresce \u00e0 decora\u00e7\u00e3o do seu lar n\u00e3o apenas pelo seu design mas tamb\u00e9m pelo seu conforto ineg\u00e1vel. Adequa-se a qualquer divis\u00e3o da sua casa desde o quarto a escrit\u00f3rios.<\/p>\n","protected":false},"featured_media":9814,"comment_status":"open","ping_status":"closed","template":"","meta":[],"product_brand":[],"product_cat":[300,192],"product_tag":[315],"class_list":{"0":"post-8832","1":"product","2":"type-product","3":"status-publish","4":"has-post-thumbnail","6":"product_cat-poltrona","7":"product_cat-sala-de-estar","8":"product_tag-poltrona","10":"first","11":"onbackorder","12":"shipping-taxable","13":"purchasable","14":"product-type-variable","15":"has-default-attributes"},"jetpack_sharing_enabled":true,"_links":{"self":[{"href":"https:\/\/sozza.pt\/pt_br\/wp-json\/wp\/v2\/product\/8832","targetHints":{"allow":["GET"]}}],"collection":[{"href":"https:\/\/sozza.pt\/pt_br\/wp-json\/wp\/v2\/product"}],"about":[{"href":"https:\/\/sozza.pt\/pt_br\/wp-json\/wp\/v2\/types\/product"}],"replies":[{"embeddable":true,"href":"https:\/\/sozza.pt\/pt_br\/wp-json\/wp\/v2\/comments?post=8832"}],"wp:featuredmedia":[{"embeddable":true,"href":"https:\/\/sozza.pt\/pt_br\/wp-json\/wp\/v2\/media\/9814"}],"wp:attachment":[{"href":"https:\/\/sozza.pt\/pt_br\/wp-json\/wp\/v2\/media?parent=8832"}],"wp:term":[{"taxonomy":"product_brand","embeddable":true,"href":"https:\/\/sozza.pt\/pt_br\/wp-json\/wp\/v2\/product_brand?post=8832"},{"taxonomy":"product_cat","embeddable":true,"href":"https:\/\/sozza.pt\/pt_br\/wp-json\/wp\/v2\/product_cat?post=8832"},{"taxonomy":"product_tag","embeddable":true,"href":"https:\/\/sozza.pt\/pt_br\/wp-json\/wp\/v2\/product_tag?post=8832"}],"curies":[{"name":"wp","href":"https:\/\/api.w.org\/{rel}","templated":true}]}}