{"id":7476,"date":"2025-06-20T21:32:02","date_gmt":"2025-06-20T21:32:02","guid":{"rendered":"https:\/\/sozza.pt\/?post_type=product&#038;p=7476"},"modified":"2026-02-02T00:31:11","modified_gmt":"2026-02-02T00:31:11","slug":"cama-denver","status":"publish","type":"product","link":"https:\/\/sozza.pt\/pt_br\/loja\/cama-denver\/","title":{"rendered":"Cama Denver"},"content":{"rendered":"<p>A cama Denver combina linhas contempor\u00e2neas com um conforto marcante, criando o equil\u00edbrio perfeito entre design e funcionalidade. Com uma estrutura robusta e acabamentos cuidados, \u00e9 uma pe\u00e7a pensada para resistir ao tempo e acompanhar os seus momentos de descanso com estilo.<\/p>\n<p>O seu design minimalista adapta-se facilmente a diferentes ambientes, enquanto o estofamento suave e a cabeceira acolchoada proporcionam conforto visual e t\u00e1til. Ideal para quem valoriza simplicidade elegante, durabilidade e bem-estar no quarto.<\/p>\n","protected":false},"excerpt":{"rendered":"<p>A cama Denver \u00e9 o sin\u00f3nimo de conforto e eleg\u00e2ncia, tornando-a na adi\u00e7\u00e3o perfeita \u00e0 sua decora\u00e7\u00e3o com o conforto que sempre desejou. As nossas camas n\u00e3o incluem colch\u00e3o, nem a op\u00e7\u00e3o do estrado inclu\u00eddo ser elevat\u00f3rio.<\/p>\n","protected":false},"featured_media":10578,"comment_status":"open","ping_status":"closed","template":"","meta":[],"product_brand":[],"product_cat":[193,190],"product_tag":[201],"class_list":{"0":"post-7476","1":"product","2":"type-product","3":"status-publish","4":"has-post-thumbnail","6":"product_cat-camas","7":"product_cat-quarto","8":"product_tag-cama","10":"first","11":"onbackorder","12":"shipping-taxable","13":"purchasable","14":"product-type-variable"},"jetpack_sharing_enabled":true,"_links":{"self":[{"href":"https:\/\/sozza.pt\/pt_br\/wp-json\/wp\/v2\/product\/7476","targetHints":{"allow":["GET"]}}],"collection":[{"href":"https:\/\/sozza.pt\/pt_br\/wp-json\/wp\/v2\/product"}],"about":[{"href":"https:\/\/sozza.pt\/pt_br\/wp-json\/wp\/v2\/types\/product"}],"replies":[{"embeddable":true,"href":"https:\/\/sozza.pt\/pt_br\/wp-json\/wp\/v2\/comments?post=7476"}],"wp:featuredmedia":[{"embeddable":true,"href":"https:\/\/sozza.pt\/pt_br\/wp-json\/wp\/v2\/media\/10578"}],"wp:attachment":[{"href":"https:\/\/sozza.pt\/pt_br\/wp-json\/wp\/v2\/media?parent=7476"}],"wp:term":[{"taxonomy":"product_brand","embeddable":true,"href":"https:\/\/sozza.pt\/pt_br\/wp-json\/wp\/v2\/product_brand?post=7476"},{"taxonomy":"product_cat","embeddable":true,"href":"https:\/\/sozza.pt\/pt_br\/wp-json\/wp\/v2\/product_cat?post=7476"},{"taxonomy":"product_tag","embeddable":true,"href":"https:\/\/sozza.pt\/pt_br\/wp-json\/wp\/v2\/product_tag?post=7476"}],"curies":[{"name":"wp","href":"https:\/\/api.w.org\/{rel}","templated":true}]}}