{"id":7468,"date":"2025-06-20T21:28:19","date_gmt":"2025-06-20T21:28:19","guid":{"rendered":"https:\/\/sozza.pt\/?post_type=product&#038;p=7468"},"modified":"2026-02-02T00:39:42","modified_gmt":"2026-02-02T00:39:42","slug":"cama-boston","status":"publish","type":"product","link":"https:\/\/sozza.pt\/pt_br\/loja\/cama-boston\/","title":{"rendered":"Cama Boston"},"content":{"rendered":"<p>A cama Boston reflete uma eleg\u00e2ncia discreta e um conforto acolhedor, perfeita para quem valoriza simplicidade com sofistica\u00e7\u00e3o. Com uma cabeceira baixa e suavemente estofada, o seu design minimalista integra-se com naturalidade em ambientes contempor\u00e2neos ou cl\u00e1ssicos.<\/p>\n<p>Produzida com materiais de alta qualidade e estrutura resistente, a cama Boston oferece estabilidade, durabilidade e um toque de conforto di\u00e1rio. \u00c9 uma pe\u00e7a pensada para quem procura um quarto harmonioso, funcional e visualmente leve.<\/p>\n","protected":false},"excerpt":{"rendered":"<p>A cama Boston \u00e9 perfeita para quartos modernos e aconchegantes, vai permitir o m\u00e1ximo conforto seja a sonhar, seja no descanso de ler um livro antes de dormir. Com uma cabeceira simples e largar adequa-se a v\u00e1rios estilos de interiores. As nossas camas n\u00e3o incluem colch\u00e3o, nem a op\u00e7\u00e3o do estrado inclu\u00eddo ser elevat\u00f3rio.<\/p>\n","protected":false},"featured_media":10585,"comment_status":"open","ping_status":"closed","template":"","meta":[],"product_brand":[],"product_cat":[193,190],"product_tag":[201],"class_list":{"0":"post-7468","1":"product","2":"type-product","3":"status-publish","4":"has-post-thumbnail","6":"product_cat-camas","7":"product_cat-quarto","8":"product_tag-cama","10":"first","11":"onbackorder","12":"shipping-taxable","13":"purchasable","14":"product-type-variable"},"jetpack_sharing_enabled":true,"_links":{"self":[{"href":"https:\/\/sozza.pt\/pt_br\/wp-json\/wp\/v2\/product\/7468","targetHints":{"allow":["GET"]}}],"collection":[{"href":"https:\/\/sozza.pt\/pt_br\/wp-json\/wp\/v2\/product"}],"about":[{"href":"https:\/\/sozza.pt\/pt_br\/wp-json\/wp\/v2\/types\/product"}],"replies":[{"embeddable":true,"href":"https:\/\/sozza.pt\/pt_br\/wp-json\/wp\/v2\/comments?post=7468"}],"wp:featuredmedia":[{"embeddable":true,"href":"https:\/\/sozza.pt\/pt_br\/wp-json\/wp\/v2\/media\/10585"}],"wp:attachment":[{"href":"https:\/\/sozza.pt\/pt_br\/wp-json\/wp\/v2\/media?parent=7468"}],"wp:term":[{"taxonomy":"product_brand","embeddable":true,"href":"https:\/\/sozza.pt\/pt_br\/wp-json\/wp\/v2\/product_brand?post=7468"},{"taxonomy":"product_cat","embeddable":true,"href":"https:\/\/sozza.pt\/pt_br\/wp-json\/wp\/v2\/product_cat?post=7468"},{"taxonomy":"product_tag","embeddable":true,"href":"https:\/\/sozza.pt\/pt_br\/wp-json\/wp\/v2\/product_tag?post=7468"}],"curies":[{"name":"wp","href":"https:\/\/api.w.org\/{rel}","templated":true}]}}