{"id":10254,"date":"2026-01-28T00:26:24","date_gmt":"2026-01-28T00:26:24","guid":{"rendered":"https:\/\/sozza.pt\/?post_type=product&#038;p=10254"},"modified":"2026-04-27T00:09:06","modified_gmt":"2026-04-26T23:09:06","slug":"sofa-doha","status":"publish","type":"product","link":"https:\/\/sozza.pt\/pt_br\/loja\/sofa-doha\/","title":{"rendered":"Sof\u00e1 Doha"},"content":{"rendered":"<p><span data-sheets-root=\"1\">O sof\u00e1 Doha transforma o ambiente com charme e impon\u00eancia, as costuras nos bra\u00e7os e costas conferem um toque exclusivo. Criado de forma modular para se adaptar ao seu espa\u00e7o. As imagens s\u00e3o 3D, pode haver ligeiras altera\u00e7\u00f5es no produto real, acabamento e cor do tecido. <\/span><\/p>\n","protected":false},"excerpt":{"rendered":"<p><span data-sheets-root=\"1\">O sof\u00e1 Doha transforma o ambiente com charme e impon\u00eancia, as costuras nos bra\u00e7os e costas conferem um toque exclusivo. Criado de forma modular para se adaptar ao seu espa\u00e7o. As imagens s\u00e3o 3D, pode haver ligeiras altera\u00e7\u00f5es no produto real, acabamento e cor do tecido. <\/span><\/p>\n","protected":false},"featured_media":10399,"comment_status":"open","ping_status":"closed","template":"","meta":[],"product_brand":[],"product_cat":[192,199],"product_tag":[],"class_list":{"0":"post-10254","1":"product","2":"type-product","3":"status-publish","4":"has-post-thumbnail","6":"product_cat-sala-de-estar","7":"product_cat-sofa","9":"first","10":"instock","11":"shipping-taxable","12":"purchasable","13":"product-type-variable"},"jetpack_sharing_enabled":true,"_links":{"self":[{"href":"https:\/\/sozza.pt\/pt_br\/wp-json\/wp\/v2\/product\/10254","targetHints":{"allow":["GET"]}}],"collection":[{"href":"https:\/\/sozza.pt\/pt_br\/wp-json\/wp\/v2\/product"}],"about":[{"href":"https:\/\/sozza.pt\/pt_br\/wp-json\/wp\/v2\/types\/product"}],"replies":[{"embeddable":true,"href":"https:\/\/sozza.pt\/pt_br\/wp-json\/wp\/v2\/comments?post=10254"}],"wp:featuredmedia":[{"embeddable":true,"href":"https:\/\/sozza.pt\/pt_br\/wp-json\/wp\/v2\/media\/10399"}],"wp:attachment":[{"href":"https:\/\/sozza.pt\/pt_br\/wp-json\/wp\/v2\/media?parent=10254"}],"wp:term":[{"taxonomy":"product_brand","embeddable":true,"href":"https:\/\/sozza.pt\/pt_br\/wp-json\/wp\/v2\/product_brand?post=10254"},{"taxonomy":"product_cat","embeddable":true,"href":"https:\/\/sozza.pt\/pt_br\/wp-json\/wp\/v2\/product_cat?post=10254"},{"taxonomy":"product_tag","embeddable":true,"href":"https:\/\/sozza.pt\/pt_br\/wp-json\/wp\/v2\/product_tag?post=10254"}],"curies":[{"name":"wp","href":"https:\/\/api.w.org\/{rel}","templated":true}]}}